{"id":83,"date":"2016-02-20T17:43:10","date_gmt":"2016-02-20T16:43:10","guid":{"rendered":"http:\/\/www.stephies-rollende-schere.de\/?page_id=83"},"modified":"2022-01-18T14:26:28","modified_gmt":"2022-01-18T13:26:28","slug":"impressum","status":"publish","type":"page","link":"https:\/\/stephies-rollende-schere.de\/index.php\/startseite\/impressum\/","title":{"rendered":"Impressum"},"content":{"rendered":"<p style=\"padding-left: 150px;\"><strong>Impressum<\/strong><\/p>\n<p style=\"padding-left: 150px;\">Verantwortlich f\u00fcr den Inhalt:<\/p>\n<p style=\"padding-left: 150px;\"><strong>Stephanie B\u00fcrkle<\/strong><\/p>\n<p style=\"padding-left: 150px;\">Besingstra\u00dfe 23<br \/>\n76698 Ubstadt-Weiher<br \/>\nTel.: 0 72 53 \/ 84 54 81<br \/>\nE-Mail: <a href=\"mailto:info@stephies-rollende-schere.de\">info@stephies-rollende-schere.de<\/a><br \/>\nInternet: www.stephies-rollende-schere.de<\/p>\n<p style=\"padding-left: 150px;\"><span style=\"font-size: revert;\">Mit Urteil vom 12. Mai 1998 &#8211; 312 0 85\/98 &#8222;Haftung f\u00fcr Links&#8220; &#8211; hat das Landgericht (LG) Hamburg entschieden, dass man durch die Anbringung eines Links die Inhalte der gelinkten Seiten ggf. mitzuverantworten hat. Dies kann &#8211; so das LG &#8211; nur dadurch verhindert werden, indem man sich ausdr\u00fccklich von diesen Inhalten distanziert.<\/span><\/p>\n<p style=\"padding-left: 150px;\">Stephies Rollende Schere (Stephanie B\u00fcrkle) erkl\u00e4rt hiermit:<\/p>\n<p style=\"padding-left: 150px;\">Wir haben auf unseren Seiten z.T. Links zu anderen Seiten im Internet angebracht. F\u00fcr alle diese Links gilt: Stephanie B\u00fcrkle hat keinerlei Einfluss auf die Gestaltung und die Inhalte der gelinkten Seiten. Deshalb distanziert sich Stephanie B\u00fcrkle hiermit ausdr\u00fccklich von allen Inhalten aller Seiten, auf die von unseren Seiten aus ein Link besteht. Stephanie B\u00fcrkle macht sich die Inhalte dieser Seiten nicht zu eigen.<\/p>\n<p style=\"padding-left: 150px;\">Diese Erkl\u00e4rung gilt f\u00fcr alle auf unseren Seiten angebrachten Links.<\/p>\n","protected":false},"excerpt":{"rendered":"<p>Impressum Verantwortlich f\u00fcr den Inhalt: Stephanie B\u00fcrkle Besingstra\u00dfe 23 76698 Ubstadt-Weiher Tel.: 0 72 53 \/ 84 54 81 E-Mail: info@stephies-rollende-schere.de Internet: www.stephies-rollende-schere.de Mit Urteil vom 12. Mai 1998 &#8211; 312 0 85\/98 &#8222;Haftung f\u00fcr Links&#8220; &#8211; hat das Landgericht (LG) Hamburg entschieden, dass man durch die Anbringung eines Links die Inhalte der gelinkten Seiten [&hellip;]<\/p>\n","protected":false},"author":1,"featured_media":0,"parent":11,"menu_order":4,"comment_status":"closed","ping_status":"closed","template":"","meta":[],"_links":{"self":[{"href":"https:\/\/stephies-rollende-schere.de\/index.php\/wp-json\/wp\/v2\/pages\/83"}],"collection":[{"href":"https:\/\/stephies-rollende-schere.de\/index.php\/wp-json\/wp\/v2\/pages"}],"about":[{"href":"https:\/\/stephies-rollende-schere.de\/index.php\/wp-json\/wp\/v2\/types\/page"}],"author":[{"embeddable":true,"href":"https:\/\/stephies-rollende-schere.de\/index.php\/wp-json\/wp\/v2\/users\/1"}],"replies":[{"embeddable":true,"href":"https:\/\/stephies-rollende-schere.de\/index.php\/wp-json\/wp\/v2\/comments?post=83"}],"version-history":[{"count":6,"href":"https:\/\/stephies-rollende-schere.de\/index.php\/wp-json\/wp\/v2\/pages\/83\/revisions"}],"predecessor-version":[{"id":186,"href":"https:\/\/stephies-rollende-schere.de\/index.php\/wp-json\/wp\/v2\/pages\/83\/revisions\/186"}],"up":[{"embeddable":true,"href":"https:\/\/stephies-rollende-schere.de\/index.php\/wp-json\/wp\/v2\/pages\/11"}],"wp:attachment":[{"href":"https:\/\/stephies-rollende-schere.de\/index.php\/wp-json\/wp\/v2\/media?parent=83"}],"curies":[{"name":"wp","href":"https:\/\/api.w.org\/{rel}","templated":true}]}}